{"id":5327,"date":"2017-09-04T12:26:12","date_gmt":"2017-09-04T16:26:12","guid":{"rendered":"http:\/\/fca-v4.site.findly.com\/404page\/"},"modified":"2025-04-11T05:26:45","modified_gmt":"2025-04-11T09:26:45","slug":"404page","status":"publish","type":"page","link":"https:\/\/fca.site.findly.com\/es\/404page\/","title":{"rendered":"404Page"},"content":{"rendered":"<section class=\"av_textblock_section\"  itemscope=\"itemscope\" itemtype=\"https:\/\/schema.org\/CreativeWork\" ><div class='avia_textblock  av_inherit_color'  style='color:#898c8d; '  itemprop=\"text\" ><h1>P\u00c1GINA NO ENCONTRADA<\/h1>\n<p>Lo sentimos, esta p\u00e1gina ya no existe.<\/p>\n<\/div><\/section>\n<\/div><\/div><\/div><!-- close content main div --><\/div><\/div><div id='av_section_1' class='avia-section main_color avia-section-no-padding avia-no-border-styling avia-bg-style-scroll  footer-brand-section container_wrap fullsize'   ><div class='container' ><div class='template-page content  av-content-full alpha units'><div class='post-entry post-entry-type-page post-entry-5327'><div class='entry-content-wrapper clearfix'>\n\n\n","protected":false},"excerpt":{"rendered":"","protected":false},"author":532,"featured_media":0,"parent":0,"menu_order":0,"comment_status":"closed","ping_status":"closed","template":"","meta":{"footnotes":""},"persona":[],"class_list":["post-5327","page","type-page","status-publish","hentry"],"yoast_head":"<!-- This site is optimized with the Yoast SEO Premium plugin v23.0 (Yoast SEO v23.0) - https:\/\/yoast.com\/wordpress\/plugins\/seo\/ -->\n<title>P\u00e1gina no encontrada | Realice su b\u00fasqueda nuevamente<\/title>\n<meta name=\"description\" content=\"No nos fue posible encontrar la p\u00e1gina que est\u00e1 buscando. Por favor vuelva a la p\u00e1gina anterior o intente realizar su b\u00fasqueda nuevamente.\" \/>\n<meta name=\"robots\" content=\"index, follow, max-snippet:-1, max-image-preview:large, max-video-preview:-1\" \/>\n<link rel=\"canonical\" href=\"https:\/\/careers.stellantis.com\/es\/404page\/\" \/>\n<meta property=\"og:locale\" content=\"es_ES\" \/>\n<meta property=\"og:type\" content=\"article\" \/>\n<meta property=\"og:title\" content=\"404Page\" \/>\n<meta property=\"og:description\" content=\"No nos fue posible encontrar la p\u00e1gina que est\u00e1 buscando. Por favor vuelva a la p\u00e1gina anterior o intente realizar su b\u00fasqueda nuevamente.\" \/>\n<meta property=\"og:url\" content=\"https:\/\/careers.stellantis.com\/es\/404page\/\" \/>\n<meta property=\"og:site_name\" content=\"Stellantis\" \/>\n<meta property=\"article:publisher\" content=\"http:\/\/www.facebook.com\/FCANAcareers\" \/>\n<meta property=\"article:modified_time\" content=\"2025-04-11T09:26:45+00:00\" \/>\n<meta property=\"og:image\" content=\"https:\/\/fca.site.findly.com\/wp-content\/uploads\/sites\/2404\/2023\/03\/stellantis-social.jpg\" \/>\n\t<meta property=\"og:image:width\" content=\"600\" \/>\n\t<meta property=\"og:image:height\" content=\"315\" \/>\n\t<meta property=\"og:image:type\" content=\"image\/jpeg\" \/>\n<meta name=\"twitter:card\" content=\"summary_large_image\" \/>\n<meta name=\"twitter:site\" content=\"@FCA_NACareers\" \/>\n<meta name=\"twitter:label1\" content=\"Tiempo de lectura\" \/>\n\t<meta name=\"twitter:data1\" content=\"1 minuto\" \/>\n<script type=\"application\/ld+json\" class=\"yoast-schema-graph\">{\"@context\":\"https:\/\/schema.org\",\"@graph\":[{\"@type\":\"WebPage\",\"@id\":\"https:\/\/careers.stellantis.com\/es\/404page\/\",\"url\":\"https:\/\/careers.stellantis.com\/es\/404page\/\",\"name\":\"P\u00e1gina no encontrada | Realice su b\u00fasqueda nuevamente\",\"isPartOf\":{\"@id\":\"https:\/\/careers.stellantis.com\/#website\"},\"datePublished\":\"2017-09-04T16:26:12+00:00\",\"dateModified\":\"2025-04-11T09:26:45+00:00\",\"description\":\"No nos fue posible encontrar la p\u00e1gina que est\u00e1 buscando. Por favor vuelva a la p\u00e1gina anterior o intente realizar su b\u00fasqueda nuevamente.\",\"breadcrumb\":{\"@id\":\"https:\/\/careers.stellantis.com\/es\/404page\/#breadcrumb\"},\"inLanguage\":\"es\",\"potentialAction\":[{\"@type\":\"ReadAction\",\"target\":[\"https:\/\/careers.stellantis.com\/es\/404page\/\"]}]},{\"@type\":\"BreadcrumbList\",\"@id\":\"https:\/\/careers.stellantis.com\/es\/404page\/#breadcrumb\",\"itemListElement\":[{\"@type\":\"ListItem\",\"position\":1,\"name\":\"Home\",\"item\":\"https:\/\/careers.stellantis.com\/es\/\"},{\"@type\":\"ListItem\",\"position\":2,\"name\":\"404Page\"}]},{\"@type\":\"WebSite\",\"@id\":\"https:\/\/careers.stellantis.com\/#website\",\"url\":\"https:\/\/careers.stellantis.com\/\",\"name\":\"Stellantis\",\"description\":\"Stellantis\",\"potentialAction\":[{\"@type\":\"SearchAction\",\"target\":{\"@type\":\"EntryPoint\",\"urlTemplate\":\"https:\/\/careers.stellantis.com\/?s={search_term_string}\"},\"query-input\":\"required name=search_term_string\"}],\"inLanguage\":\"es\"}]}<\/script>\n<!-- \/ Yoast SEO Premium plugin. -->","yoast_head_json":{"title":"P\u00e1gina no encontrada | Realice su b\u00fasqueda nuevamente","description":"No nos fue posible encontrar la p\u00e1gina que est\u00e1 buscando. Por favor vuelva a la p\u00e1gina anterior o intente realizar su b\u00fasqueda nuevamente.","robots":{"index":"index","follow":"follow","max-snippet":"max-snippet:-1","max-image-preview":"max-image-preview:large","max-video-preview":"max-video-preview:-1"},"canonical":"https:\/\/careers.stellantis.com\/es\/404page\/","og_locale":"es_ES","og_type":"article","og_title":"404Page","og_description":"No nos fue posible encontrar la p\u00e1gina que est\u00e1 buscando. Por favor vuelva a la p\u00e1gina anterior o intente realizar su b\u00fasqueda nuevamente.","og_url":"https:\/\/careers.stellantis.com\/es\/404page\/","og_site_name":"Stellantis","article_publisher":"http:\/\/www.facebook.com\/FCANAcareers","article_modified_time":"2025-04-11T09:26:45+00:00","og_image":[{"width":600,"height":315,"url":"https:\/\/fca.site.findly.com\/wp-content\/uploads\/sites\/2404\/2023\/03\/stellantis-social.jpg","type":"image\/jpeg"}],"twitter_card":"summary_large_image","twitter_site":"@FCA_NACareers","twitter_misc":{"Tiempo de lectura":"1 minuto"},"schema":{"@context":"https:\/\/schema.org","@graph":[{"@type":"WebPage","@id":"https:\/\/careers.stellantis.com\/es\/404page\/","url":"https:\/\/careers.stellantis.com\/es\/404page\/","name":"P\u00e1gina no encontrada | Realice su b\u00fasqueda nuevamente","isPartOf":{"@id":"https:\/\/careers.stellantis.com\/#website"},"datePublished":"2017-09-04T16:26:12+00:00","dateModified":"2025-04-11T09:26:45+00:00","description":"No nos fue posible encontrar la p\u00e1gina que est\u00e1 buscando. Por favor vuelva a la p\u00e1gina anterior o intente realizar su b\u00fasqueda nuevamente.","breadcrumb":{"@id":"https:\/\/careers.stellantis.com\/es\/404page\/#breadcrumb"},"inLanguage":"es","potentialAction":[{"@type":"ReadAction","target":["https:\/\/careers.stellantis.com\/es\/404page\/"]}]},{"@type":"BreadcrumbList","@id":"https:\/\/careers.stellantis.com\/es\/404page\/#breadcrumb","itemListElement":[{"@type":"ListItem","position":1,"name":"Home","item":"https:\/\/careers.stellantis.com\/es\/"},{"@type":"ListItem","position":2,"name":"404Page"}]},{"@type":"WebSite","@id":"https:\/\/careers.stellantis.com\/#website","url":"https:\/\/careers.stellantis.com\/","name":"Stellantis","description":"Stellantis","potentialAction":[{"@type":"SearchAction","target":{"@type":"EntryPoint","urlTemplate":"https:\/\/careers.stellantis.com\/?s={search_term_string}"},"query-input":"required name=search_term_string"}],"inLanguage":"es"}]}},"_links":{"self":[{"href":"https:\/\/fca.site.findly.com\/es\/wp-json\/wp\/v2\/pages\/5327","targetHints":{"allow":["GET"]}}],"collection":[{"href":"https:\/\/fca.site.findly.com\/es\/wp-json\/wp\/v2\/pages"}],"about":[{"href":"https:\/\/fca.site.findly.com\/es\/wp-json\/wp\/v2\/types\/page"}],"author":[{"embeddable":true,"href":"https:\/\/fca.site.findly.com\/es\/wp-json\/wp\/v2\/users\/532"}],"replies":[{"embeddable":true,"href":"https:\/\/fca.site.findly.com\/es\/wp-json\/wp\/v2\/comments?post=5327"}],"version-history":[{"count":1,"href":"https:\/\/fca.site.findly.com\/es\/wp-json\/wp\/v2\/pages\/5327\/revisions"}],"predecessor-version":[{"id":67089,"href":"https:\/\/fca.site.findly.com\/es\/wp-json\/wp\/v2\/pages\/5327\/revisions\/67089"}],"wp:attachment":[{"href":"https:\/\/fca.site.findly.com\/es\/wp-json\/wp\/v2\/media?parent=5327"}],"wp:term":[{"taxonomy":"persona","embeddable":true,"href":"https:\/\/fca.site.findly.com\/es\/wp-json\/wp\/v2\/persona?post=5327"}],"curies":[{"name":"wp","href":"https:\/\/api.w.org\/{rel}","templated":true}]}}