{"id":10860,"date":"2018-04-20T03:36:24","date_gmt":"2018-04-20T07:36:24","guid":{"rendered":"http:\/\/fca-v4.site.findly.com\/404page\/"},"modified":"2025-04-11T05:46:00","modified_gmt":"2025-04-11T09:46:00","slug":"404page","status":"publish","type":"page","link":"https:\/\/fca.site.findly.com\/pt-br\/404page\/","title":{"rendered":"Erro 404"},"content":{"rendered":"<section class=\"av_textblock_section\"  itemscope=\"itemscope\" itemtype=\"https:\/\/schema.org\/CreativeWork\" ><div class='avia_textblock  av_inherit_color'  style='color:#898c8d; '  itemprop=\"text\" ><h1>P\u00c1GINA N\u00c3O ENCONTRADA<\/h1>\n<p>Infelizmente, essa p\u00e1gina n\u00e3o existe mais.<\/p>\n<\/div><\/section>\n<\/div><\/div><\/div><!-- close content main div --><\/div><\/div><div id='av_section_1' class='avia-section main_color avia-section-no-padding avia-no-border-styling avia-bg-style-scroll  footer-brand-section container_wrap fullsize'   ><div class='container' ><div class='template-page content  av-content-full alpha units'><div class='post-entry post-entry-type-page post-entry-10860'><div class='entry-content-wrapper clearfix'>\n\n\n","protected":false},"excerpt":{"rendered":"","protected":false},"author":532,"featured_media":0,"parent":0,"menu_order":0,"comment_status":"closed","ping_status":"closed","template":"","meta":{"footnotes":""},"persona":[],"class_list":["post-10860","page","type-page","status-publish","hentry"],"yoast_head":"<!-- This site is optimized with the Yoast SEO Premium plugin v23.0 (Yoast SEO v23.0) - https:\/\/yoast.com\/wordpress\/plugins\/seo\/ -->\n<title>P\u00e1gina n\u00e3o encontrada | Favor refazer a sua pesquisa<\/title>\n<meta name=\"description\" content=\"A p\u00e1gina que voc\u00ea est\u00e1 procurando n\u00e3o p\u00f4de ser encontrada. Favor retornar \u00e0 p\u00e1gina anterior ou tentar novamente a sua pesquisa.\" \/>\n<meta name=\"robots\" content=\"index, follow, max-snippet:-1, max-image-preview:large, max-video-preview:-1\" \/>\n<link rel=\"canonical\" href=\"https:\/\/careers.stellantis.com\/pt-br\/404page\/22317465\/\" \/>\n<meta property=\"og:locale\" content=\"pt_BR\" \/>\n<meta property=\"og:type\" content=\"article\" \/>\n<meta property=\"og:title\" content=\"Erro 404\" \/>\n<meta property=\"og:description\" content=\"A p\u00e1gina que voc\u00ea est\u00e1 procurando n\u00e3o p\u00f4de ser encontrada. Favor retornar \u00e0 p\u00e1gina anterior ou tentar novamente a sua pesquisa.\" \/>\n<meta property=\"og:url\" content=\"https:\/\/careers.stellantis.com\/pt-br\/404page\/22317465\/\" \/>\n<meta property=\"og:site_name\" content=\"Stellantis\" \/>\n<meta property=\"article:publisher\" content=\"http:\/\/www.facebook.com\/FCANAcareers\" \/>\n<meta property=\"article:modified_time\" content=\"2025-04-11T09:46:00+00:00\" \/>\n<meta property=\"og:image\" content=\"https:\/\/fca.site.findly.com\/wp-content\/uploads\/sites\/2404\/2023\/03\/stellantis-social.jpg\" \/>\n\t<meta property=\"og:image:width\" content=\"600\" \/>\n\t<meta property=\"og:image:height\" content=\"315\" \/>\n\t<meta property=\"og:image:type\" content=\"image\/jpeg\" \/>\n<meta name=\"twitter:card\" content=\"summary_large_image\" \/>\n<meta name=\"twitter:site\" content=\"@FCA_NACareers\" \/>\n<meta name=\"twitter:label1\" content=\"Est. tempo de leitura\" \/>\n\t<meta name=\"twitter:data1\" content=\"1 minuto\" \/>\n<script type=\"application\/ld+json\" class=\"yoast-schema-graph\">{\"@context\":\"https:\/\/schema.org\",\"@graph\":[{\"@type\":\"WebPage\",\"@id\":\"https:\/\/careers.stellantis.com\/pt-br\/404page\/22317465\/\",\"url\":\"https:\/\/careers.stellantis.com\/pt-br\/404page\/22317465\/\",\"name\":\"P\u00e1gina n\u00e3o encontrada | Favor refazer a sua pesquisa\",\"isPartOf\":{\"@id\":\"https:\/\/careers.stellantis.com\/#website\"},\"datePublished\":\"2018-04-20T07:36:24+00:00\",\"dateModified\":\"2025-04-11T09:46:00+00:00\",\"description\":\"A p\u00e1gina que voc\u00ea est\u00e1 procurando n\u00e3o p\u00f4de ser encontrada. Favor retornar \u00e0 p\u00e1gina anterior ou tentar novamente a sua pesquisa.\",\"breadcrumb\":{\"@id\":\"https:\/\/careers.stellantis.com\/pt-br\/404page\/22317465\/#breadcrumb\"},\"inLanguage\":\"pt-BR\",\"potentialAction\":[{\"@type\":\"ReadAction\",\"target\":[\"https:\/\/careers.stellantis.com\/pt-br\/404page\/22317465\/\"]}]},{\"@type\":\"BreadcrumbList\",\"@id\":\"https:\/\/careers.stellantis.com\/pt-br\/404page\/22317465\/#breadcrumb\",\"itemListElement\":[{\"@type\":\"ListItem\",\"position\":1,\"name\":\"Home\",\"item\":\"https:\/\/careers.stellantis.com\/pt-br\/\"},{\"@type\":\"ListItem\",\"position\":2,\"name\":\"Erro 404\"}]},{\"@type\":\"WebSite\",\"@id\":\"https:\/\/careers.stellantis.com\/#website\",\"url\":\"https:\/\/careers.stellantis.com\/\",\"name\":\"Stellantis\",\"description\":\"Fiat Chrysler Automobiles\",\"potentialAction\":[{\"@type\":\"SearchAction\",\"target\":{\"@type\":\"EntryPoint\",\"urlTemplate\":\"https:\/\/careers.stellantis.com\/?s={search_term_string}\"},\"query-input\":\"required name=search_term_string\"}],\"inLanguage\":\"pt-BR\"}]}<\/script>\n<!-- \/ Yoast SEO Premium plugin. -->","yoast_head_json":{"title":"P\u00e1gina n\u00e3o encontrada | Favor refazer a sua pesquisa","description":"A p\u00e1gina que voc\u00ea est\u00e1 procurando n\u00e3o p\u00f4de ser encontrada. Favor retornar \u00e0 p\u00e1gina anterior ou tentar novamente a sua pesquisa.","robots":{"index":"index","follow":"follow","max-snippet":"max-snippet:-1","max-image-preview":"max-image-preview:large","max-video-preview":"max-video-preview:-1"},"canonical":"https:\/\/careers.stellantis.com\/pt-br\/404page\/22317465\/","og_locale":"pt_BR","og_type":"article","og_title":"Erro 404","og_description":"A p\u00e1gina que voc\u00ea est\u00e1 procurando n\u00e3o p\u00f4de ser encontrada. Favor retornar \u00e0 p\u00e1gina anterior ou tentar novamente a sua pesquisa.","og_url":"https:\/\/careers.stellantis.com\/pt-br\/404page\/22317465\/","og_site_name":"Stellantis","article_publisher":"http:\/\/www.facebook.com\/FCANAcareers","article_modified_time":"2025-04-11T09:46:00+00:00","og_image":[{"width":600,"height":315,"url":"https:\/\/fca.site.findly.com\/wp-content\/uploads\/sites\/2404\/2023\/03\/stellantis-social.jpg","type":"image\/jpeg"}],"twitter_card":"summary_large_image","twitter_site":"@FCA_NACareers","twitter_misc":{"Est. tempo de leitura":"1 minuto"},"schema":{"@context":"https:\/\/schema.org","@graph":[{"@type":"WebPage","@id":"https:\/\/careers.stellantis.com\/pt-br\/404page\/22317465\/","url":"https:\/\/careers.stellantis.com\/pt-br\/404page\/22317465\/","name":"P\u00e1gina n\u00e3o encontrada | Favor refazer a sua pesquisa","isPartOf":{"@id":"https:\/\/careers.stellantis.com\/#website"},"datePublished":"2018-04-20T07:36:24+00:00","dateModified":"2025-04-11T09:46:00+00:00","description":"A p\u00e1gina que voc\u00ea est\u00e1 procurando n\u00e3o p\u00f4de ser encontrada. Favor retornar \u00e0 p\u00e1gina anterior ou tentar novamente a sua pesquisa.","breadcrumb":{"@id":"https:\/\/careers.stellantis.com\/pt-br\/404page\/22317465\/#breadcrumb"},"inLanguage":"pt-BR","potentialAction":[{"@type":"ReadAction","target":["https:\/\/careers.stellantis.com\/pt-br\/404page\/22317465\/"]}]},{"@type":"BreadcrumbList","@id":"https:\/\/careers.stellantis.com\/pt-br\/404page\/22317465\/#breadcrumb","itemListElement":[{"@type":"ListItem","position":1,"name":"Home","item":"https:\/\/careers.stellantis.com\/pt-br\/"},{"@type":"ListItem","position":2,"name":"Erro 404"}]},{"@type":"WebSite","@id":"https:\/\/careers.stellantis.com\/#website","url":"https:\/\/careers.stellantis.com\/","name":"Stellantis","description":"Fiat Chrysler Automobiles","potentialAction":[{"@type":"SearchAction","target":{"@type":"EntryPoint","urlTemplate":"https:\/\/careers.stellantis.com\/?s={search_term_string}"},"query-input":"required name=search_term_string"}],"inLanguage":"pt-BR"}]}},"_links":{"self":[{"href":"https:\/\/fca.site.findly.com\/pt-br\/wp-json\/wp\/v2\/pages\/10860","targetHints":{"allow":["GET"]}}],"collection":[{"href":"https:\/\/fca.site.findly.com\/pt-br\/wp-json\/wp\/v2\/pages"}],"about":[{"href":"https:\/\/fca.site.findly.com\/pt-br\/wp-json\/wp\/v2\/types\/page"}],"author":[{"embeddable":true,"href":"https:\/\/fca.site.findly.com\/pt-br\/wp-json\/wp\/v2\/users\/532"}],"replies":[{"embeddable":true,"href":"https:\/\/fca.site.findly.com\/pt-br\/wp-json\/wp\/v2\/comments?post=10860"}],"version-history":[{"count":1,"href":"https:\/\/fca.site.findly.com\/pt-br\/wp-json\/wp\/v2\/pages\/10860\/revisions"}],"predecessor-version":[{"id":67787,"href":"https:\/\/fca.site.findly.com\/pt-br\/wp-json\/wp\/v2\/pages\/10860\/revisions\/67787"}],"wp:attachment":[{"href":"https:\/\/fca.site.findly.com\/pt-br\/wp-json\/wp\/v2\/media?parent=10860"}],"wp:term":[{"taxonomy":"persona","embeddable":true,"href":"https:\/\/fca.site.findly.com\/pt-br\/wp-json\/wp\/v2\/persona?post=10860"}],"curies":[{"name":"wp","href":"https:\/\/api.w.org\/{rel}","templated":true}]}}